{"id":318,"date":"2021-08-12T21:18:52","date_gmt":"2021-08-12T19:18:52","guid":{"rendered":"https:\/\/kollischan.de\/ek\/?page_id=318"},"modified":"2025-10-26T12:29:39","modified_gmt":"2025-10-26T11:29:39","slug":"about","status":"publish","type":"page","link":"https:\/\/kollischan.de\/?page_id=318","title":{"rendered":"About"},"content":{"rendered":"\n<p id=\"education\"><\/p>\n\n\n\n<div class=\"wp-block-columns is-layout-flex wp-container-core-columns-is-layout-9d6595d7 wp-block-columns-is-layout-flex\">\n<div class=\"wp-block-column is-layout-flow wp-block-column-is-layout-flow\">\n<p>1966<br>born in N\u00fcrnberg<br>lives and works in Cologne<\/p>\n\n\n\n<div style=\"height:30px\" aria-hidden=\"true\" class=\"wp-block-spacer\"><\/div>\n\n\n\n<p><\/p>\n\n\n\n<p><strong>Education<\/strong><\/p>\n\n\n\n<p>1994\u20132000<br>Freie Kunst, Kunstakademie M\u00fcnster, Prof. Ulrich Erben<\/p>\n\n\n\n<p>1993\u20131994<br>Freie Kunst, Kunstakademie M\u00fcnchen<\/p>\n\n\n\n<p>1988\u20131993<br>Kommunikationsdesign Georg-Simon Ohm Fachhochschule, N\u00fcrnberg<\/p>\n\n\n\n<p>1987\u20131988<br>12 months internship, <em>Werkbund Werkstatt N\u00fcrnberg<\/em><\/p>\n<\/div>\n\n\n\n<div class=\"wp-block-column is-layout-flow wp-block-column-is-layout-flow\">\n<p><strong>Teaching<\/strong><strong>&nbsp;&nbsp;&nbsp;&nbsp;&nbsp;&nbsp;&nbsp;&nbsp;&nbsp;&nbsp;&nbsp;&nbsp;&nbsp;&nbsp;&nbsp;&nbsp;&nbsp;&nbsp;&nbsp;&nbsp;&nbsp;&nbsp;&nbsp;&nbsp;&nbsp;&nbsp;&nbsp;&nbsp;&nbsp;&nbsp;&nbsp;&nbsp;&nbsp;<\/strong><\/p>\n\n\n\n<p>since 2014<br>professorship for Artistic Foundations, <em>Hochschule Trier<\/em><\/p>\n\n\n\n<p>2013<br>Lectureship for Drawing, <em>Hochschule f\u00fcr K\u00fcnste Bremen<\/em><\/p>\n\n\n\n<p>2010\u20132012<br>Substitute lectureship, <em>Institut f\u00fcr Kunstp\u00e4dagogik, Goethe-Universit\u00e4t<\/em>, Frankfurt am Main&nbsp;&nbsp;&nbsp;&nbsp;&nbsp;&nbsp;&nbsp;&nbsp;&nbsp;&nbsp;&nbsp;&nbsp;&nbsp;&nbsp;&nbsp;&nbsp;&nbsp;&nbsp;&nbsp;&nbsp;&nbsp;&nbsp;&nbsp;&nbsp;&nbsp;&nbsp;&nbsp;&nbsp;<\/p>\n\n\n\n<p>2001\u20132006<br>Lecturer for basic art education, <em>Institut f\u00fcr Kunstp\u00e4dagogik, Goethe-Universit\u00e4t<\/em>, Frankfurt am Main<\/p>\n<\/div>\n<\/div>\n\n\n\n<p id=\"solo\"><\/p>\n\n\n\n<div style=\"height:100px\" aria-hidden=\"true\" class=\"wp-block-spacer\"><\/div>\n\n\n\n<hr class=\"wp-block-separator has-alpha-channel-opacity is-style-wide\" id=\"funding-solo\"\/>\n\n\n\n<div class=\"wp-block-columns is-layout-flex wp-container-core-columns-is-layout-9d6595d7 wp-block-columns-is-layout-flex\">\n<div class=\"wp-block-column is-layout-flow wp-block-column-is-layout-flow\">\n<p><strong>Funding<\/strong><\/p>\n\n\n\n<p>2013<br>Artist Residency <em>Lichtenberg-Studios<\/em>, Berlin<\/p>\n\n\n\n<p>2012<br>grant <em>EURODE<\/em> Kunstpreis, Kulturforum Herzogenrath<\/p>\n\n\n\n<p>2011<br>project grant Stiftung Kunstfonds, Bonn<\/p>\n\n\n\n<p>2006<br>travel grant <em>TRANSFER T\u00dcRKEI-NRW<\/em>, Kultursekretariat NRW<\/p>\n\n\n\n<p>2005<br>working grant Schloss Ringenberg<\/p>\n\n\n\n<p>2003<br>working grant Kunststiftung NRW<\/p>\n\n\n\n<p>2002<br>working grant Pilotprojekt Gropiusstadt, Berlin<\/p>\n\n\n\n<p>2000<br>working grant der Kunststiftung NRW<\/p>\n\n\n\n<p>2000<br>Artist in Residence Puddles,&nbsp; Aomori und Tokio, JP<\/p>\n\n\n\n<p>1999<br>travel grant Stockholm, SE<\/p>\n<\/div>\n\n\n\n<div class=\"wp-block-column is-layout-flow wp-block-column-is-layout-flow\">\n<p><strong>Solo Exhibitions (selection)<\/strong><\/p>\n\n\n\n<p><\/p>\n\n\n\n<p>2022<\/p>\n\n\n\n<p><em>limby nimble<\/em>, Kunstraum k 634, K\u00f6ln<\/p>\n\n\n\n<p>2021<br><em>konstruktempathie<\/em>, Matj\u00f6, K\u00f6ln<br><em>reibungsw\u00e4rme<\/em>, Villa Bengel, Idar-Oberstein<\/p>\n\n\n\n<p>2018<br><em>ELEMENT, <\/em>Chrom VI, Idar-Oberstein<\/p>\n\n\n\n<p>2017<br><em>trocken und verd\u00fcnnt<\/em>, kjubh e.V., K\u00f6ln<br><em>PB29+PBK9+PV15<\/em>, Galerie Schmidt und Sch\u00fctte, K\u00f6ln<\/p>\n\n\n\n<p>2016<br><em>under construction<\/em>, Maler-Zang-Haus\/Art Affect, Birkenfeld<\/p>\n\n\n\n<p>2014<br><em>Voyager<\/em>, Ad Hoc, Bochum&nbsp;&nbsp;&nbsp;&nbsp;&nbsp;&nbsp;&nbsp;&nbsp;&nbsp;&nbsp;&nbsp;&nbsp;&nbsp;<\/p>\n\n\n\n<p>2011<br><em>LEVYN<\/em>, Zero Fold, K\u00f6ln<\/p>\n\n\n\n<p>2010<br><em>Ruhe der Begeisterung<\/em>, Niederrheinischer Kunstverein Wesel<\/p>\n\n\n\n<p>2009<br><em>sometimes people build, sometimes they destroy<\/em>, Galerie Heike Strelow, Frankfurt am Main<\/p>\n\n\n\n<p>2008<br><em>ZEITWORT<\/em>, Neues Problem, Berlin<\/p>\n\n\n\n<p>2007<br><em>schlafende Hunde im Schnee<\/em>, St\u00e4dtische Galerie, Kirchheim\/Teck<\/p>\n\n\n\n<p>2005<br><em>atmo<\/em>, WerkbundForum, Frankfurt am Main<br><em>Malerei<\/em>, Galerie Sch\u00fctte, Essen<\/p>\n\n\n\n<p><br><em>tekening\/drawing<\/em> voorkamer, Lier, BE<br><em>Neuheiten<\/em>, Kunstverein Ahlen<\/p>\n\n\n\n<p>2004<br><em>recovering unsaved changes<\/em>, catalog presentation, Museum Folkwang, Essen<\/p>\n\n\n\n<p><br><em>k.maschine<\/em>, Kulturbunker K\u00f6ln-M\u00fchlheim<\/p>\n\n\n\n<p>2002<br><em>Ort.Ort<\/em>, Wewerka-Pavillon, M\u00fcnster<\/p>\n\n\n\n<p><br><em>Tannen ohne Gr\u00fcn<\/em>, Felixleiter, Berlin<\/p>\n\n\n\n<p><br><em>warten<\/em>, Performance, Gropiusstadt, Berlin<\/p>\n\n\n\n<p>2001<br><em>SYMBOLFOTO<\/em>, in situ, Theaterfoyer St\u00e4dt. B\u00fchnen, M\u00fcnster<\/p>\n\n\n\n<p>2000<br><em>eine T\u00fcr, die sich von alleine \u00f6ffnet, ab und zu<\/em>, Kunstakademie M\u00fcnster<\/p>\n\n\n\n<p>1999<br><em>New York City,<\/em> Cuba Cultur, M\u00fcnster<\/p>\n\n\n\n<p>1996<br><em>ICH WEI\u00df WOHL<\/em>, Pavillon Galerie Annelie Brusten, Wuppertal<\/p>\n<\/div>\n<\/div>\n\n\n\n<p id=\"group\"><\/p>\n\n\n\n<div style=\"height:100px\" aria-hidden=\"true\" class=\"wp-block-spacer\"><\/div>\n\n\n\n<hr class=\"wp-block-separator has-css-opacity is-style-wide\"\/>\n\n\n\n<div class=\"wp-block-columns is-layout-flex wp-container-core-columns-is-layout-9d6595d7 wp-block-columns-is-layout-flex\" id=\"group\">\n<div class=\"wp-block-column is-layout-flow wp-block-column-is-layout-flow\">\n<p><strong>Group Exhibitions (selection)<\/strong><\/p>\n\n\n\n<p>2025<\/p>\n\n\n\n<p><em>LUFTUNRUHE<\/em>, Ausstellungshalle des KunstWerk e.V.<\/p>\n\n\n\n<p><em>Strichst\u00e4rke: Postscriptum<\/em>, K\u00fcnstlerforum Bonn,<\/p>\n\n\n\n<p><em>AUS DEM KOFFER <\/em>&#8211; Zeichnungen auf Reisen aus Berlin, Hamburg, K\u00f6ln, Stuttgart: Kunsthaus Hamburg; W\u00fcrttembergischer Kunstverein Stuttgart<\/p>\n\n\n\n<p><em>ALLES<\/em>, Studio im Hochhaus, Berlin-Lichtenberg<\/p>\n\n\n\n<p><em>ANONYMOUS DRAWINGS &amp; Lines Fiction<\/em>, Kunsthaus Erfurt<\/p>\n\n\n\n<p>2024<\/p>\n\n\n\n<p><em>AUS DEM KOFFER<\/em> &#8211; Zeichnungen auf Reisen aus Berlin, Hamburg, K\u00f6ln, Stuttgart &#8211; K\u00fcnstlerhaus Rheinania, K\u00f6ln; Galerie Nord, Kunstverein Tiergarten Berlin<\/p>\n\n\n\n<p>2023<\/p>\n\n\n\n<p><em>ALLES<\/em>, Studio im Hochhaus, Berlin-Lichtenberg<\/p>\n\n\n\n<p>2022<br><em>20M29<\/em>, Galerie M29, K\u00f6ln<\/p>\n\n\n\n<p>2021<br><em>Central Sparks<\/em>, Zero Fold, K\u00f6ln<\/p>\n\n\n\n<p><em>Die Welt f\u00fcr Kalk<\/em>, Strizzi, K\u00f6ln-Kalk<\/p>\n\n\n\n<p>2020<br><em>alles<\/em>, Lichtenberg Studios, Berlin<\/p>\n\n\n\n<p>2019<br><em>freshtest<\/em>, Kunstverein K\u00f6lnberg, K\u00f6ln<\/p>\n\n\n\n<p>2018<br><em>Double Bind<\/em>, M29, K\u00f6ln<\/p>\n\n\n\n<p>2016<br>Labor (mit Hubert Becker), K\u00f6ln<\/p>\n\n\n\n<p>2015<br>Spam Contemporary (mit Claudia Larissa &nbsp;Artz, Alke Reeh), D\u00fcsseldorf<\/p>\n\n\n\n<p>Galerie b2 (mit Hubert Becker), Leipzig<\/p>\n\n\n\n<p>2014<br>Scheidt&#8217;sche Hallen, Essen-Kettwig<br><em>K\u00f6ln um halb 8<\/em>, Szene 2, Temporary Gallery, K\u00f6ln<\/p>\n\n\n\n<p>Kollischan &amp; Neuhaus (mit Gertrud Neuhaus), no cube, M\u00fcnster<\/p>\n\n\n\n<p>BCC&nbsp; &#8211; Brussels Cologne Contemporary\/M 29, K\u00f6ln\/Br\u00fcssel, BE<\/p>\n\n\n\n<p>2013<br><em>Experimental Ephemeris<\/em>, Bronx Art Center, New York City, US<\/p>\n\n\n\n<p>2012<br><em>MARSCHLAND OH KULI<\/em> (mit Martin Durham), Galerie Heike Strelow, Frankfurt am Main<\/p>\n\n\n\n<p><em>Fliegende Fliegen<\/em>, Schloss Ringenberg<\/p>\n\n\n\n<p>2011<br>Malerei, Galerie Sch\u00fctte, Essen<\/p>\n\n\n\n<p>2010<br><em>Brizzel<\/em>, (mit Petra Albrand) Institut f\u00fcr Skulpturelle Peripherie, D\u00fcsseldorf&nbsp;&nbsp;&nbsp;&nbsp;&nbsp;&nbsp;&nbsp;&nbsp;&nbsp;&nbsp;&nbsp;&nbsp;&nbsp;&nbsp;&nbsp;&nbsp;&nbsp;&nbsp;&nbsp;&nbsp;<\/p>\n\n\n\n<p><em>Winterquartier\/Zeichnen<\/em>, (mit Reinhard Gottwald) Galerie Weisser Elefant\/refugium2<br><em>das Neue Problem zu Gast in der Oberwelt,<\/em> Stuttgart<\/p>\n\n\n\n<p>2009<br>Kloster Roggenburg (mit Stefanie Eins, Max Hattler, Klaus Lomnitzer)<\/p>\n\n\n\n<p>2008<br><em>glades<\/em>, G. Heike Strelow, Frankfurt am Main<\/p>\n\n\n\n<p>2007<br><em>white out<\/em>, St\u00e4dtische G. Saarbr\u00fccken, Palais Thurn und Taxis, Bregenz, AT<\/p>\n\n\n\n<p><em>Transfer<\/em>, Ausstellungshalle f\u00fcr zeitgen\u00f6ssische Kunst M\u00fcnster,<\/p>\n\n\n\n<p>Museum Bochum, Ludwigforum Aachen, Santral Istanbul, TR<\/p>\n\n\n\n<p><\/p>\n\n\n\n<p>&nbsp;&nbsp;&nbsp;&nbsp;&nbsp;&nbsp;<\/p>\n\n\n\n<p>2006<br><em><em>exile<\/em>, <\/em>Temporary H\u00fcttenstra\u00dfe D\u00fcsseldorf<\/p>\n\n\n\n<p><em>Gl\u00fcck auf<\/em>, Neues Problem, Berlin<\/p>\n\n\n\n<p><em>hotel kristall<\/em>, Galerie Aurel Scheibler, K\u00f6ln<\/p>\n\n\n\n<p>2005<br>export, Museum Arnheim, NL<\/p>\n\n\n\n<p><em>Stipendiaten 2005<\/em>, Schloss Ringenberg<\/p>\n\n\n\n<p><em>einmalacht<\/em>, Kunstverein Gelsenkirchen<\/p>\n\n\n\n<p>2004<br><em>tropic<\/em>, Parkhaus D\u00fcsseldorf<\/p>\n\n\n\n<p><em>hausen<\/em>, Hermannshof, Springe bei Hannover<\/p>\n\n\n\n<p><em>profundal, das<\/em>, Pal\u00e4ontologisches Museum, M\u00fcnster<\/p>\n\n\n\n<p>B\u00fcro f\u00fcr Allesk\u00f6nnerei (mit Ruppe Koselleck), G\u00fctersloh<\/p>\n\n\n\n<p>2003<br><em>vor der Arbeit<\/em>, Kulturbahnhof Eller, D\u00fcsseldorf<\/p>\n\n\n\n<p><em>Suk\u00fbn-Stille<\/em>, Museum Folkwang, Essen<\/p>\n\n\n\n<p>2002<br><em>We\u2019re not over here for the weather&#8230;, <\/em>Kunstverein Ahlen<\/p>\n\n\n\n<p><em>don<\/em>, (mit Hlynur Hallsson) Chinati Foundation Marfa, Texas, US<\/p>\n\n\n\n<p><em>typewriting alloud\/Typoxxs Allowed<\/em>, Nove Zamky, SK&nbsp;&nbsp;&nbsp;&nbsp;<\/p>\n\n\n\n<p><em>elf<\/em>, Galerie Rachel Haverkamp, K\u00f6ln<\/p>\n\n\n\n<p>2001<br><em>sol over Dejbjerg<\/em>, (mit Jens Brand) Skjern-Egvad Museum, DN<\/p>\n\n\n\n<p><em>believe<\/em>, Westf\u00e4lischer Kunstverein, M\u00fcnster<\/p>\n\n\n\n<p><em>Stille<\/em>, K\u00fcnstlerhaus Dortmund<\/p>\n\n\n\n<p>2000<br><em>Schnitt 2000<\/em>, KV D\u00fcsseldorf<\/p>\n\n\n\n<p><em>Kulturserver\/home\/Einkaufspassage<\/em>, Hannover&nbsp;&nbsp;&nbsp;&nbsp;&nbsp;&nbsp;&nbsp;&nbsp;&nbsp;&nbsp;&nbsp;&nbsp;<\/p>\n\n\n\n<p>1999<br><em>Lichteinfall<\/em>, Simultanhalle, K\u00f6ln<\/p>\n\n\n\n<p>1997<br><em>Wasser im Garten und auf dem Balkon<\/em>, Prima Kunst, Kiel<\/p>\n\n\n\n<p>1996<br><em>unterwegs<\/em>, KV Krefeld<\/p>\n\n\n\n<p><em>Transparenzen<\/em>, Produzentengalerie, Kassel<\/p>\n<\/div>\n<\/div>\n\n\n\n<hr class=\"wp-block-separator has-css-opacity is-style-wide\"\/>\n\n\n\n<div class=\"wp-block-columns is-layout-flex wp-container-core-columns-is-layout-9d6595d7 wp-block-columns-is-layout-flex\">\n<div class=\"wp-block-column is-layout-flow wp-block-column-is-layout-flow\">\n<p><strong>Video<\/strong><\/p>\n\n\n\n<p>2007<br><em>Istanbulmonolog II<\/em>, 15 Min.<\/p>\n\n\n\n<p>2006<br><em>Istanbulmonolog I<\/em>, 8 Min.<\/p>\n\n\n\n<p>2005<br><em>mein wunderbarer Film<\/em>, 47 Min. (Loop)<\/p>\n\n\n\n<p>2002<br><em>wunderwinzig<\/em>, 6 Min.<\/p>\n\n\n\n<p>2002<br><em>punkte<\/em>, 7 Min.<\/p>\n\n\n\n<p>2002<br><em>hier<\/em>, 15 Min. (Loop)<\/p>\n\n\n\n<p>2001<br><em>was sind schon ein paar Minuten<\/em>, 7.15 Min.<\/p>\n<\/div>\n\n\n\n<div class=\"wp-block-column is-layout-flow wp-block-column-is-layout-flow\">\n<p><strong>Other<\/strong><strong>&nbsp;<\/strong><\/p>\n\n\n\n<p>2009\u20132010<br>Team <em>Simultanhalle<\/em>, K\u00f6ln<\/p>\n\n\n\n<p>1999\u20132004<br>Team <em>F\u00f6rderverein Aktuelle Kunst<\/em>, M\u00fcnster<\/p>\n<\/div>\n<\/div>\n\n\n\n<p id=\"text\"><\/p>\n\n\n\n<div style=\"height:100px\" aria-hidden=\"true\" class=\"wp-block-spacer\"><\/div>\n\n\n\n<hr class=\"wp-block-separator has-css-opacity is-style-wide\"\/>\n\n\n\n<p>(\u2026)&nbsp; Es gibt in diesen Bildern irgendwo ein ziemlich fest abgegrenztes Element, meist auch mit auff\u00e4lliger Farbigkeit (\u2026) Dieses innere Element ist die Bedingung daf\u00fcr, dass die Bilder eigentlich nicht Bilder sind \u2013 im Sinne von abgeschlossenen Welten, sondern feldartige Ausschnitte f\u00fcr offene, sich verfl\u00fcchtigende und tats\u00e4chlich unbegrenzte Ereignisse. Diese kompakten Elemente st\u00f6ren die Einheit des Bildes, sie schweben irgendwo in der N\u00e4he des Randes und lassen im Bild hier und da ein Echo aufscheinen, das sich ins Unbestimmte verfl\u00fcchtigt. Man verliert aus dem Blick, was man ansieht. Die Farbnuancen erzeugen nicht einen einheitlichen Ton, sondern sie passen oft nicht zusammen, so dass aus ihnen ebenfalls offene Bez\u00fcge entstehen. Das Bildfeld ist kein Hintergrund f\u00fcr die Formen, sondern es hat selbst eine positive materielle Qualit\u00e4t \u2013 als Papier, als d\u00fcnne Leinwand, durch die manchmal der Keilrahmen noch hindurchschimmert. So wird das Bildfeld zu einer offenen Begegnungsst\u00e4tte zwischen den eher abgegrenzten und sich aufl\u00f6senden Elementen und der materiellen, leeren Fl\u00e4che. (\u2026)<\/p>\n\n\n\n<p>es ist eine Kunst, die sich nicht vom Alltag abgrenzt, sondern ihn einbezieht. Wir kennen das seit Duchamp und seinen Alltagsgegenst\u00e4nden wie dem Fahrrad-Rad auf einem Hocker, oder seit den Fluxus-K\u00fcnstlern, die mit allt\u00e4glichen Objekten ein Konzept verwirklichen. Kollischans Werke sind nicht Konzepte, sondern sie verwandeln den Blick auf das Allt\u00e4gliche und lassen Erfahrungen auftauchen, die nur beim Sehen entstehen. Das Allt\u00e4gliche wird etwas ganz und gar anderes. Was wir sehen, verwandelt sich \u2013 wie bei einem selbstvergessenen Spiel von Kindern (\u2026)<\/p>\n\n\n\n<p>Dr. Erich Franz, aus der Er\u00f6ffnungsrede Kunstverein Ahlen Neuheiten von Eva-Maria Kollischan 2005<\/p>\n\n\n\n<hr class=\"wp-block-separator has-css-opacity is-style-wide\"\/>\n\n\n\n<p>(\u2026) Unpr\u00e4tenti\u00f6s geht es um eine Beobachtung des Blicks, die nicht zuletzt aus dem Misstrauen gegen\u00fcber den Machtanspr\u00fcchen eigener visueller Leistungen resultiert und sich zugleich als R\u00fcckversicherung auf das Ungesehene im Gesehenen beruft. Denn nichts bildet die Welt ab wie sie ist, sondern die Konstruktion der Abbildung erzeugt die Vorstellung der Wirklichkeit so, wie sie gesehen werden soll. Und indem das Abgebildete vom Gegen\u00fcber zuallererst eine Haltung verlangt, verschr\u00e4nkt sich das \u00e4u\u00dfere Abbild mit inneren Ansichten, Projektionen, Erwartungen wie Erinnerungen und wird \u00fcberlagert von diffusen Gef\u00fchlen \u2013 weniger ein intellektueller, als ein intimer, emotionaler Prozess, der sich letztlich der Sprachlichkeit entzieht (\u2026)<\/p>\n\n\n\n<p>Marcus L\u00fctkemeyer, Grey out oder die Beobachtung des Blicks, in recovering unsaved changes, 2004<\/p>\n","protected":false},"excerpt":{"rendered":"<p>1966born in N\u00fcrnberglives and works in Cologne Education 1994\u20132000Freie Kunst, Kunstakademie M\u00fcnster, Prof. Ulrich Erben 1993\u20131994Freie Kunst, Kunstakademie M\u00fcnchen 1988\u20131993Kommunikationsdesign Georg-Simon Ohm Fachhochschule, N\u00fcrnberg 1987\u2013198812 months internship, Werkbund Werkstatt N\u00fcrnberg Teaching&nbsp;&nbsp;&nbsp;&nbsp;&nbsp;&nbsp;&nbsp;&nbsp;&nbsp;&nbsp;&nbsp;&nbsp;&nbsp;&nbsp;&nbsp;&nbsp;&nbsp;&nbsp;&nbsp;&nbsp;&nbsp;&nbsp;&nbsp;&nbsp;&nbsp;&nbsp;&nbsp;&nbsp;&nbsp;&nbsp;&nbsp;&nbsp;&nbsp; since 2014professorship for Artistic Foundations, Hochschule Trier 2013Lectureship for Drawing, Hochschule f\u00fcr K\u00fcnste Bremen 2010\u20132012Substitute lectureship, Institut f\u00fcr Kunstp\u00e4dagogik, Goethe-Universit\u00e4t, Frankfurt am Main&nbsp;&nbsp;&nbsp;&nbsp;&nbsp;&nbsp;&nbsp;&nbsp;&nbsp;&nbsp;&nbsp;&nbsp;&nbsp;&nbsp;&nbsp;&nbsp;&nbsp;&nbsp;&nbsp;&nbsp;&nbsp;&nbsp;&nbsp;&nbsp;&nbsp;&nbsp;&nbsp;&nbsp; 2001\u20132006Lecturer [&hellip;]<\/p>\n","protected":false},"author":1,"featured_media":0,"parent":0,"menu_order":0,"comment_status":"closed","ping_status":"closed","template":"","meta":{"footnotes":""},"class_list":["post-318","page","type-page","status-publish","hentry","entry"],"_links":{"self":[{"href":"https:\/\/kollischan.de\/index.php?rest_route=\/wp\/v2\/pages\/318","targetHints":{"allow":["GET"]}}],"collection":[{"href":"https:\/\/kollischan.de\/index.php?rest_route=\/wp\/v2\/pages"}],"about":[{"href":"https:\/\/kollischan.de\/index.php?rest_route=\/wp\/v2\/types\/page"}],"author":[{"embeddable":true,"href":"https:\/\/kollischan.de\/index.php?rest_route=\/wp\/v2\/users\/1"}],"replies":[{"embeddable":true,"href":"https:\/\/kollischan.de\/index.php?rest_route=%2Fwp%2Fv2%2Fcomments&post=318"}],"version-history":[{"count":32,"href":"https:\/\/kollischan.de\/index.php?rest_route=\/wp\/v2\/pages\/318\/revisions"}],"predecessor-version":[{"id":823,"href":"https:\/\/kollischan.de\/index.php?rest_route=\/wp\/v2\/pages\/318\/revisions\/823"}],"wp:attachment":[{"href":"https:\/\/kollischan.de\/index.php?rest_route=%2Fwp%2Fv2%2Fmedia&parent=318"}],"curies":[{"name":"wp","href":"https:\/\/api.w.org\/{rel}","templated":true}]}}